{"id":740,"date":"2019-04-12T02:24:49","date_gmt":"2019-04-12T02:24:49","guid":{"rendered":"https:\/\/woostify.com\/demos\/hippine\/?page_id=740"},"modified":"2024-01-19T14:27:00","modified_gmt":"2024-01-19T13:27:00","slug":"about","status":"publish","type":"page","link":"https:\/\/christian-koelbl.de\/?page_id=740","title":{"rendered":"ABOUT"},"content":{"rendered":"\t\t<div data-elementor-type=\"wp-post\" data-elementor-id=\"740\" class=\"elementor elementor-740\" data-elementor-post-type=\"page\">\n\t\t\t\t<div class=\"elementor-element elementor-element-d27f9fa e-flex e-con-boxed e-con e-parent\" data-id=\"d27f9fa\" data-element_type=\"container\">\n\t\t\t\t\t<div class=\"e-con-inner\">\n\t\t<div class=\"elementor-element elementor-element-5deb5eb e-flex e-con-boxed e-con e-child\" data-id=\"5deb5eb\" data-element_type=\"container\" data-settings=\"{&quot;background_background&quot;:&quot;classic&quot;}\">\n\t\t\t\t\t<div class=\"e-con-inner\">\n\t\t\t\t\t<\/div>\n\t\t\t\t<\/div>\n\t\t\t\t\t<\/div>\n\t\t\t\t<\/div>\n\t\t<div class=\"elementor-element elementor-element-971eabd e-flex e-con-boxed e-con e-parent\" data-id=\"971eabd\" data-element_type=\"container\">\n\t\t\t\t\t<div class=\"e-con-inner\">\n\t\t<div class=\"elementor-element elementor-element-259cb54 e-con-full e-flex e-con e-child\" data-id=\"259cb54\" data-element_type=\"container\">\n\t\t\t\t<div class=\"elementor-element elementor-element-476605b elementor-widget elementor-widget-image\" data-id=\"476605b\" data-element_type=\"widget\" data-widget_type=\"image.default\">\n\t\t\t\t<div class=\"elementor-widget-container\">\n\t\t\t\t\t\t\t\t\t\t\t\t\t\t\t<img fetchpriority=\"high\" decoding=\"async\" width=\"683\" height=\"1024\" src=\"https:\/\/christian-koelbl.de\/wp-content\/uploads\/2024\/01\/NEUWAGEN_detail-13_web-683x1024.jpg\" class=\"attachment-large size-large wp-image-2751\" alt=\"\" srcset=\"https:\/\/christian-koelbl.de\/wp-content\/uploads\/2024\/01\/NEUWAGEN_detail-13_web-683x1024.jpg 683w, https:\/\/christian-koelbl.de\/wp-content\/uploads\/2024\/01\/NEUWAGEN_detail-13_web-200x300.jpg 200w, https:\/\/christian-koelbl.de\/wp-content\/uploads\/2024\/01\/NEUWAGEN_detail-13_web-768x1152.jpg 768w, https:\/\/christian-koelbl.de\/wp-content\/uploads\/2024\/01\/NEUWAGEN_detail-13_web-1024x1536.jpg 1024w, https:\/\/christian-koelbl.de\/wp-content\/uploads\/2024\/01\/NEUWAGEN_detail-13_web-1365x2048.jpg 1365w, https:\/\/christian-koelbl.de\/wp-content\/uploads\/2024\/01\/NEUWAGEN_detail-13_web-600x900.jpg 600w, https:\/\/christian-koelbl.de\/wp-content\/uploads\/2024\/01\/NEUWAGEN_detail-13_web-scaled.jpg 1707w\" sizes=\"(max-width: 683px) 100vw, 683px\" \/>\t\t\t\t\t\t\t\t\t\t\t\t\t\t\t<\/div>\n\t\t\t\t<\/div>\n\t\t\t\t<\/div>\n\t\t<div class=\"elementor-element elementor-element-8c96f43 e-con-full e-flex e-con e-child\" data-id=\"8c96f43\" data-element_type=\"container\">\n\t\t\t\t<div class=\"elementor-element elementor-element-43d5ec5 elementor-widget elementor-widget-heading\" data-id=\"43d5ec5\" data-element_type=\"widget\" data-widget_type=\"heading.default\">\n\t\t\t\t<div class=\"elementor-widget-container\">\n\t\t\t\t\t<h2 class=\"elementor-heading-title elementor-size-default\">Die Marke<\/h2>\t\t\t\t<\/div>\n\t\t\t\t<\/div>\n\t\t<div class=\"elementor-element elementor-element-4748757 e-flex e-con-boxed e-con e-child\" data-id=\"4748757\" data-element_type=\"container\">\n\t\t\t\t\t<div class=\"e-con-inner\">\n\t\t\t\t<div class=\"elementor-element elementor-element-0982803 elementor-widget elementor-widget-heading\" data-id=\"0982803\" data-element_type=\"widget\" data-widget_type=\"heading.default\">\n\t\t\t\t<div class=\"elementor-widget-container\">\n\t\t\t\t\t<h2 class=\"elementor-heading-title elementor-size-default\">Mehr als nur Duft<\/h2>\t\t\t\t<\/div>\n\t\t\t\t<\/div>\n\t\t\t\t<div class=\"elementor-element elementor-element-260b72d elementor-widget elementor-widget-text-editor\" data-id=\"260b72d\" data-element_type=\"widget\" data-widget_type=\"text-editor.default\">\n\t\t\t\t<div class=\"elementor-widget-container\">\n\t\t\t\t\t\t\t\t\t<p><em>Christian K\u00f6lbl<\/em><em>\u00ae<\/em> ist die spannungsvolle Ver\u00adbindung von zeitgen\u00f6ssischer Kunst und Parf\u00fcmerie.<\/p><p>Diese Marke, im Jahr 2023 ins Leben ge\u00adrufen, zeichnet sich durch ihre limitierten Duftkompositionen aus, die ihre Inspiration vornehmlich aus der Konsumkultur sch\u00f6p\u00adfen. Durch die olfaktorische Interpretation industriell gefertigter Produkte entsteht eine einzigartige Markenidentit\u00e4t, welche einen olfaktorischen Diskursraum in unserer Ge\u00adsellschaft schafft.<\/p><p>Die D\u00fcfte von <em>Christian K\u00f6lbl<\/em><em>\u00ae<\/em> sind nicht nur Parfums, sondern werden als wahre Kunst\u00adwerke konzipiert. Sie finden nicht nur ihren Platz in Parf\u00fcmerien, sondern werden auch in Ausstellungen inszeniert. Auf diese Wei\u00adse werden die Tr\u00e4ger*innen selbst zu integ\u00adralen Bestandteilen dieser Kunstwerke und erleben eine einzigartige Synthese von Duft und Kunst.<\/p><p>Tauchen Sie ein in die Welt von <em>Christian K\u00f6lbl<\/em><em>\u00ae<\/em> und erleben Sie Parf\u00fcms, die weit \u00fcber den gew\u00f6hnlichen Duft hinausgehen.<\/p>\t\t\t\t\t\t\t\t<\/div>\n\t\t\t\t<\/div>\n\t\t\t\t\t<\/div>\n\t\t\t\t<\/div>\n\t\t\t\t<\/div>\n\t\t\t\t\t<\/div>\n\t\t\t\t<\/div>\n\t\t<div class=\"elementor-element elementor-element-9f255b3 e-flex e-con-boxed e-con e-parent\" data-id=\"9f255b3\" data-element_type=\"container\">\n\t\t\t\t\t<div class=\"e-con-inner\">\n\t\t\t\t<div class=\"elementor-element elementor-element-a5fb7e3 elementor-widget elementor-widget-spacer\" data-id=\"a5fb7e3\" data-element_type=\"widget\" data-widget_type=\"spacer.default\">\n\t\t\t\t<div class=\"elementor-widget-container\">\n\t\t\t\t\t\t\t<div class=\"elementor-spacer\">\n\t\t\t<div class=\"elementor-spacer-inner\"><\/div>\n\t\t<\/div>\n\t\t\t\t\t\t<\/div>\n\t\t\t\t<\/div>\n\t\t\t\t\t<\/div>\n\t\t\t\t<\/div>\n\t\t<div class=\"elementor-element elementor-element-a3e83f4 e-flex e-con-boxed e-con e-parent\" data-id=\"a3e83f4\" data-element_type=\"container\">\n\t\t\t\t\t<div class=\"e-con-inner\">\n\t\t\t\t<div class=\"elementor-element elementor-element-621f357 elementor-widget elementor-widget-heading\" data-id=\"621f357\" data-element_type=\"widget\" data-widget_type=\"heading.default\">\n\t\t\t\t<div class=\"elementor-widget-container\">\n\t\t\t\t\t<h2 class=\"elementor-heading-title elementor-size-default\">Stores DEutschland<\/h2>\t\t\t\t<\/div>\n\t\t\t\t<\/div>\n\t\t\t\t\t<\/div>\n\t\t\t\t<\/div>\n\t\t<div class=\"elementor-element elementor-element-862e113 e-flex e-con-boxed e-con e-parent\" data-id=\"862e113\" data-element_type=\"container\">\n\t\t\t\t\t<div class=\"e-con-inner\">\n\t\t<div class=\"elementor-element elementor-element-6aecd5e e-con-full e-flex e-con e-child\" data-id=\"6aecd5e\" data-element_type=\"container\">\n\t\t\t\t<div class=\"elementor-element elementor-element-4fc9da5 elementor-widget elementor-widget-text-editor\" data-id=\"4fc9da5\" data-element_type=\"widget\" data-widget_type=\"text-editor.default\">\n\t\t\t\t<div class=\"elementor-widget-container\">\n\t\t\t\t\t\t\t\t\t<p>Berlin<\/p>\t\t\t\t\t\t\t\t<\/div>\n\t\t\t\t<\/div>\n\t\t\t\t<div class=\"elementor-element elementor-element-4b092f3 elementor-widget elementor-widget-text-editor\" data-id=\"4b092f3\" data-element_type=\"widget\" data-widget_type=\"text-editor.default\">\n\t\t\t\t<div class=\"elementor-widget-container\">\n\t\t\t\t\t\t\t\t\t<div><a href=\"https:\/\/15west.de\/\">15WEST<\/a><\/div><div>Giesebrechtstrasse 15<\/div><div>10629 Berlin<\/div>\t\t\t\t\t\t\t\t<\/div>\n\t\t\t\t<\/div>\n\t\t\t\t<\/div>\n\t\t<div class=\"elementor-element elementor-element-0b4f2ed e-con-full e-flex e-con e-child\" data-id=\"0b4f2ed\" data-element_type=\"container\">\n\t\t\t\t<div class=\"elementor-element elementor-element-918c74a elementor-widget elementor-widget-text-editor\" data-id=\"918c74a\" data-element_type=\"widget\" data-widget_type=\"text-editor.default\">\n\t\t\t\t<div class=\"elementor-widget-container\">\n\t\t\t\t\t\t\t\t\t<p>Frankfurt a. M.<\/p>\t\t\t\t\t\t\t\t<\/div>\n\t\t\t\t<\/div>\n\t\t\t\t<div class=\"elementor-element elementor-element-358b39d elementor-widget elementor-widget-text-editor\" data-id=\"358b39d\" data-element_type=\"widget\" data-widget_type=\"text-editor.default\">\n\t\t\t\t<div class=\"elementor-widget-container\">\n\t\t\t\t\t\t\t\t\t<div><a href=\"https:\/\/kobberger.de\/\">Parf\u00fcmerie Kobberger<\/a><\/div><div>Thurn-und-Taxis-Platz 1<\/div><div>60313 Frankfurt a. M.<\/div>\t\t\t\t\t\t\t\t<\/div>\n\t\t\t\t<\/div>\n\t\t\t\t<\/div>\n\t\t<div class=\"elementor-element elementor-element-64530da e-con-full e-flex e-con e-child\" data-id=\"64530da\" data-element_type=\"container\">\n\t\t\t\t<div class=\"elementor-element elementor-element-d152456 elementor-widget elementor-widget-text-editor\" data-id=\"d152456\" data-element_type=\"widget\" data-widget_type=\"text-editor.default\">\n\t\t\t\t<div class=\"elementor-widget-container\">\n\t\t\t\t\t\t\t\t\t<p>Frankfurt a. M.<\/p>\t\t\t\t\t\t\t\t<\/div>\n\t\t\t\t<\/div>\n\t\t\t\t<div class=\"elementor-element elementor-element-37016ff elementor-widget elementor-widget-text-editor\" data-id=\"37016ff\" data-element_type=\"widget\" data-widget_type=\"text-editor.default\">\n\t\t\t\t<div class=\"elementor-widget-container\">\n\t\t\t\t\t\t\t\t\t<div><a href=\"https:\/\/www.instagram.com\/lab_106\/?hl=de\">LAB 106 Concept Store<\/a><\/div><div>Schweizer Strasse 46<\/div><div>60594 Frankfurt a. M.<\/div>\t\t\t\t\t\t\t\t<\/div>\n\t\t\t\t<\/div>\n\t\t\t\t<\/div>\n\t\t<div class=\"elementor-element elementor-element-93194b7 e-con-full e-flex e-con e-child\" data-id=\"93194b7\" data-element_type=\"container\">\n\t\t\t\t<div class=\"elementor-element elementor-element-c7d1cd9 elementor-widget elementor-widget-text-editor\" data-id=\"c7d1cd9\" data-element_type=\"widget\" data-widget_type=\"text-editor.default\">\n\t\t\t\t<div class=\"elementor-widget-container\">\n\t\t\t\t\t\t\t\t\t<p>Hamburg<\/p>\t\t\t\t\t\t\t\t<\/div>\n\t\t\t\t<\/div>\n\t\t\t\t<div class=\"elementor-element elementor-element-ee9c08f elementor-widget elementor-widget-text-editor\" data-id=\"ee9c08f\" data-element_type=\"widget\" data-widget_type=\"text-editor.default\">\n\t\t\t\t<div class=\"elementor-widget-container\">\n\t\t\t\t\t\t\t\t\t<div><a href=\"https:\/\/parfumslubner.com\/products\/neuwagen-extrait-de-parfum-100ml?_pos=1&amp;_psq=neuwagen&amp;_ss=e&amp;_v=1.0\">Parfums Lubner<\/a><\/div><div>Giesebrechtstrasse 15<\/div><div>10629 Berlin<\/div>\t\t\t\t\t\t\t\t<\/div>\n\t\t\t\t<\/div>\n\t\t\t\t<\/div>\n\t\t<div class=\"elementor-element elementor-element-66d2f0a e-con-full e-flex e-con e-child\" data-id=\"66d2f0a\" data-element_type=\"container\">\n\t\t\t\t<div class=\"elementor-element elementor-element-bdb6879 elementor-widget elementor-widget-text-editor\" data-id=\"bdb6879\" data-element_type=\"widget\" data-widget_type=\"text-editor.default\">\n\t\t\t\t<div class=\"elementor-widget-container\">\n\t\t\t\t\t\t\t\t\t<p>K\u00f6ln<\/p>\t\t\t\t\t\t\t\t<\/div>\n\t\t\t\t<\/div>\n\t\t\t\t<div class=\"elementor-element elementor-element-876f497 elementor-widget elementor-widget-text-editor\" data-id=\"876f497\" data-element_type=\"widget\" data-widget_type=\"text-editor.default\">\n\t\t\t\t<div class=\"elementor-widget-container\">\n\t\t\t\t\t\t\t\t\t<div><a href=\"https:\/\/www.duftkunsthandlung.de\/\">Duftkunsthandlung<\/a><\/div><div>Barbanter Strasse 27<\/div><div>50672 K\u00f6ln<\/div>\t\t\t\t\t\t\t\t<\/div>\n\t\t\t\t<\/div>\n\t\t\t\t<\/div>\n\t\t<div class=\"elementor-element elementor-element-e2f85d5 e-con-full e-flex e-con e-child\" data-id=\"e2f85d5\" data-element_type=\"container\">\n\t\t\t\t<div class=\"elementor-element elementor-element-2055046 elementor-widget elementor-widget-text-editor\" data-id=\"2055046\" data-element_type=\"widget\" data-widget_type=\"text-editor.default\">\n\t\t\t\t<div class=\"elementor-widget-container\">\n\t\t\t\t\t\t\t\t\t<p>Stuttgart<\/p>\t\t\t\t\t\t\t\t<\/div>\n\t\t\t\t<\/div>\n\t\t\t\t<div class=\"elementor-element elementor-element-d3bdf7d elementor-widget elementor-widget-text-editor\" data-id=\"d3bdf7d\" data-element_type=\"widget\" data-widget_type=\"text-editor.default\">\n\t\t\t\t<div class=\"elementor-widget-container\">\n\t\t\t\t\t\t\t\t\t<div><a href=\"https:\/\/www.basler-beauty.de\/\">basler beauty<\/a><\/div><div>Hirschstrasse 22<\/div><div>70173 Stuttgart<\/div>\t\t\t\t\t\t\t\t<\/div>\n\t\t\t\t<\/div>\n\t\t\t\t<\/div>\n\t\t<div class=\"elementor-element elementor-element-b3ee5a8 e-con-full e-flex e-con e-child\" data-id=\"b3ee5a8\" data-element_type=\"container\">\n\t\t\t\t<div class=\"elementor-element elementor-element-df0bfcd elementor-widget elementor-widget-text-editor\" data-id=\"df0bfcd\" data-element_type=\"widget\" data-widget_type=\"text-editor.default\">\n\t\t\t\t<div class=\"elementor-widget-container\">\n\t\t\t\t\t\t\t\t\t<p>Trier<\/p>\t\t\t\t\t\t\t\t<\/div>\n\t\t\t\t<\/div>\n\t\t\t\t<div class=\"elementor-element elementor-element-a3f1789 elementor-widget elementor-widget-text-editor\" data-id=\"a3f1789\" data-element_type=\"widget\" data-widget_type=\"text-editor.default\">\n\t\t\t\t<div class=\"elementor-widget-container\">\n\t\t\t\t\t\t\t\t\t<div><a href=\"https:\/\/luecke-cosmetic.de\/\">Edith L\u00fccke<\/a><\/div><div>Neustrasse 20<\/div><div>54290 Trier<\/div>\t\t\t\t\t\t\t\t<\/div>\n\t\t\t\t<\/div>\n\t\t\t\t<\/div>\n\t\t<div class=\"elementor-element elementor-element-e19891e e-con-full e-flex e-con e-child\" data-id=\"e19891e\" data-element_type=\"container\">\n\t\t\t\t<\/div>\n\t\t<div class=\"elementor-element elementor-element-9d1bf9f e-con-full e-flex e-con e-child\" data-id=\"9d1bf9f\" data-element_type=\"container\">\n\t\t\t\t<\/div>\n\t\t\t\t\t<\/div>\n\t\t\t\t<\/div>\n\t\t<div class=\"elementor-element elementor-element-6de84d3 e-flex e-con-boxed e-con e-parent\" data-id=\"6de84d3\" data-element_type=\"container\">\n\t\t\t\t\t<div class=\"e-con-inner\">\n\t\t\t\t<div class=\"elementor-element elementor-element-70a74fc elementor-widget elementor-widget-spacer\" data-id=\"70a74fc\" data-element_type=\"widget\" data-widget_type=\"spacer.default\">\n\t\t\t\t<div class=\"elementor-widget-container\">\n\t\t\t\t\t\t\t<div class=\"elementor-spacer\">\n\t\t\t<div class=\"elementor-spacer-inner\"><\/div>\n\t\t<\/div>\n\t\t\t\t\t\t<\/div>\n\t\t\t\t<\/div>\n\t\t\t\t\t<\/div>\n\t\t\t\t<\/div>\n\t\t<div class=\"elementor-element elementor-element-000fd19 e-flex e-con-boxed e-con e-parent\" data-id=\"000fd19\" data-element_type=\"container\">\n\t\t\t\t\t<div class=\"e-con-inner\">\n\t\t\t\t<div class=\"elementor-element elementor-element-f131fb1 elementor-widget elementor-widget-heading\" data-id=\"f131fb1\" data-element_type=\"widget\" data-widget_type=\"heading.default\">\n\t\t\t\t<div class=\"elementor-widget-container\">\n\t\t\t\t\t<h2 class=\"elementor-heading-title elementor-size-default\">Stores international<\/h2>\t\t\t\t<\/div>\n\t\t\t\t<\/div>\n\t\t\t\t\t<\/div>\n\t\t\t\t<\/div>\n\t\t<div class=\"elementor-element elementor-element-1a29595 e-flex e-con-boxed e-con e-parent\" data-id=\"1a29595\" data-element_type=\"container\">\n\t\t\t\t\t<div class=\"e-con-inner\">\n\t\t<div class=\"elementor-element elementor-element-772466a e-con-full e-flex e-con e-child\" data-id=\"772466a\" data-element_type=\"container\">\n\t\t\t\t<div class=\"elementor-element elementor-element-509bb7a elementor-widget elementor-widget-text-editor\" data-id=\"509bb7a\" data-element_type=\"widget\" data-widget_type=\"text-editor.default\">\n\t\t\t\t<div class=\"elementor-widget-container\">\n\t\t\t\t\t\t\t\t\t<p>Polen<\/p>\t\t\t\t\t\t\t\t<\/div>\n\t\t\t\t<\/div>\n\t\t\t\t<div class=\"elementor-element elementor-element-478e09e elementor-widget elementor-widget-text-editor\" data-id=\"478e09e\" data-element_type=\"widget\" data-widget_type=\"text-editor.default\">\n\t\t\t\t<div class=\"elementor-widget-container\">\n\t\t\t\t\t\t\t\t\t<div><a href=\"https:\/\/moodscentbar.com\/en\/\">MOOD SCENT BAR<\/a><\/div><div>Bracka 3<\/div><div>05-800 Warschau<\/div>\t\t\t\t\t\t\t\t<\/div>\n\t\t\t\t<\/div>\n\t\t\t\t<\/div>\n\t\t<div class=\"elementor-element elementor-element-2807774 e-con-full e-flex e-con e-child\" data-id=\"2807774\" data-element_type=\"container\">\n\t\t\t\t<\/div>\n\t\t<div class=\"elementor-element elementor-element-89ef8c5 e-con-full e-flex e-con e-child\" data-id=\"89ef8c5\" data-element_type=\"container\">\n\t\t\t\t<\/div>\n\t\t\t\t\t<\/div>\n\t\t\t\t<\/div>\n\t\t<div class=\"elementor-element elementor-element-9dac56e e-flex e-con-boxed e-con e-parent\" data-id=\"9dac56e\" data-element_type=\"container\">\n\t\t\t\t\t<div class=\"e-con-inner\">\n\t\t\t\t<div class=\"elementor-element elementor-element-d4926ec elementor-widget elementor-widget-spacer\" data-id=\"d4926ec\" data-element_type=\"widget\" data-widget_type=\"spacer.default\">\n\t\t\t\t<div class=\"elementor-widget-container\">\n\t\t\t\t\t\t\t<div class=\"elementor-spacer\">\n\t\t\t<div class=\"elementor-spacer-inner\"><\/div>\n\t\t<\/div>\n\t\t\t\t\t\t<\/div>\n\t\t\t\t<\/div>\n\t\t\t\t\t<\/div>\n\t\t\t\t<\/div>\n\t\t<div class=\"elementor-element elementor-element-896f2b5 e-flex e-con-boxed e-con e-parent\" data-id=\"896f2b5\" data-element_type=\"container\" data-settings=\"{&quot;background_background&quot;:&quot;classic&quot;}\">\n\t\t\t\t\t<div class=\"e-con-inner\">\n\t\t<div class=\"elementor-element elementor-element-32123d8 e-con-full e-flex e-con e-child\" data-id=\"32123d8\" data-element_type=\"container\">\n\t\t\t\t<div class=\"elementor-element elementor-element-bab1dcb elementor-widget elementor-widget-heading\" data-id=\"bab1dcb\" data-element_type=\"widget\" data-widget_type=\"heading.default\">\n\t\t\t\t<div class=\"elementor-widget-container\">\n\t\t\t\t\t<h2 class=\"elementor-heading-title elementor-size-default\">Der Kreateur<\/h2>\t\t\t\t<\/div>\n\t\t\t\t<\/div>\n\t\t\t\t<div class=\"elementor-element elementor-element-6936e75 elementor-widget elementor-widget-heading\" data-id=\"6936e75\" data-element_type=\"widget\" data-widget_type=\"heading.default\">\n\t\t\t\t<div class=\"elementor-widget-container\">\n\t\t\t\t\t<h2 class=\"elementor-heading-title elementor-size-default\">Christian K\u00f6lbl<\/h2>\t\t\t\t<\/div>\n\t\t\t\t<\/div>\n\t\t\t\t<div class=\"elementor-element elementor-element-16457cf elementor-widget elementor-widget-text-editor\" data-id=\"16457cf\" data-element_type=\"widget\" data-widget_type=\"text-editor.default\">\n\t\t\t\t<div class=\"elementor-widget-container\">\n\t\t\t\t\t\t\t\t\t<p>Der Kreateur hinter den Parf\u00fcms ist der leidenschaftliche K\u00fcnstler Christian K\u00f6lbl, er verleiht den D\u00fcften ihren konzeptionellen k\u00fcnstlerischen Schwung.<\/p><p>Mit einem Hintergrund der Kunst bringt Christian eine unkonventionelle Perspektive in die Welt der D\u00fcfte. Unkonventionalit\u00e4t findet sich auch in seiner Kunst, so stelle er Apfelspender und Kaffeemaschinen in namhaften Institutionen aus, verwandelte einen Online-Store einer Galerie kurzerhand zu einem Waffen Store in dem er darin 3-D gedruckte Waffen als Kunstwerke anbot oder pr\u00e4sentierte ein gecrashtes Fahrzeug in einem Ausstellungsraum als Display f\u00fcr das Extrait de Parfum <em>NEUWAGEN<\/em>.<\/p><p>Seine Inspirationsquellen begr\u00fcnden sich in allt\u00e4glichen Erfahrungen des Konsums. So begleitet Ihn das olfaktorische schon seit seiner fr\u00fchen Kindheit, in der er sich Pokemon Karten gekauft hatte, nur um den Geruch der frisch gedruckten und veredelten Karten zu genie\u00dfen.<\/p><p>Dem K\u00fcnstler und Kreateur bewegen sowohl in der Kunst als auch in der Parf\u00fcmerie emotionale Reibungspunkte, die er in Form von ambivalenter Kreationen provozieren m\u00f6chte.<\/p>\t\t\t\t\t\t\t\t<\/div>\n\t\t\t\t<\/div>\n\t\t\t\t<div class=\"elementor-element elementor-element-f451778 elementor-align-right elementor-mobile-align-center elementor-widget-mobile__width-inherit elementor-widget elementor-widget-button\" data-id=\"f451778\" data-element_type=\"widget\" data-widget_type=\"button.default\">\n\t\t\t\t<div class=\"elementor-widget-container\">\n\t\t\t\t\t\t\t\t\t<div class=\"elementor-button-wrapper\">\n\t\t\t\t\t<a class=\"elementor-button elementor-button-link elementor-size-sm\" href=\"https:\/\/christian-koelbl.de\/?product=neuwagen-100ml\">\n\t\t\t\t\t\t<span class=\"elementor-button-content-wrapper\">\n\t\t\t\t\t\t\t\t\t<span class=\"elementor-button-text\">WEBSITE<\/span>\n\t\t\t\t\t<\/span>\n\t\t\t\t\t<\/a>\n\t\t\t\t<\/div>\n\t\t\t\t\t\t\t\t<\/div>\n\t\t\t\t<\/div>\n\t\t\t\t<\/div>\n\t\t<div class=\"elementor-element elementor-element-0cc1514 e-con-full e-flex e-con e-child\" data-id=\"0cc1514\" data-element_type=\"container\" data-settings=\"{&quot;background_background&quot;:&quot;video&quot;,&quot;background_motion_fx_devices&quot;:[&quot;desktop&quot;,&quot;tablet&quot;,&quot;mobile&quot;]}\">\n\t\t\t\t<div class=\"elementor-element elementor-element-3088a28 elementor-widget elementor-widget-image\" data-id=\"3088a28\" data-element_type=\"widget\" data-widget_type=\"image.default\">\n\t\t\t\t<div class=\"elementor-widget-container\">\n\t\t\t\t\t\t\t\t\t\t\t\t\t\t\t<img decoding=\"async\" width=\"1706\" height=\"2560\" src=\"https:\/\/christian-koelbl.de\/wp-content\/uploads\/2024\/01\/NEUWAGEN_detail-7_web-scaled.jpg\" class=\"attachment-full size-full wp-image-2478\" alt=\"\" srcset=\"https:\/\/christian-koelbl.de\/wp-content\/uploads\/2024\/01\/NEUWAGEN_detail-7_web-scaled.jpg 1706w, https:\/\/christian-koelbl.de\/wp-content\/uploads\/2024\/01\/NEUWAGEN_detail-7_web-scaled-600x900.jpg 600w, https:\/\/christian-koelbl.de\/wp-content\/uploads\/2024\/01\/NEUWAGEN_detail-7_web-200x300.jpg 200w, https:\/\/christian-koelbl.de\/wp-content\/uploads\/2024\/01\/NEUWAGEN_detail-7_web-683x1024.jpg 683w, https:\/\/christian-koelbl.de\/wp-content\/uploads\/2024\/01\/NEUWAGEN_detail-7_web-768x1152.jpg 768w, https:\/\/christian-koelbl.de\/wp-content\/uploads\/2024\/01\/NEUWAGEN_detail-7_web-1024x1536.jpg 1024w, https:\/\/christian-koelbl.de\/wp-content\/uploads\/2024\/01\/NEUWAGEN_detail-7_web-1365x2048.jpg 1365w\" sizes=\"(max-width: 1706px) 100vw, 1706px\" \/>\t\t\t\t\t\t\t\t\t\t\t\t\t\t\t<\/div>\n\t\t\t\t<\/div>\n\t\t\t\t<\/div>\n\t\t\t\t\t<\/div>\n\t\t\t\t<\/div>\n\t\t\t\t<\/div>\n\t\t","protected":false},"excerpt":{"rendered":"<p>Die Marke Mehr als nur Duft Christian K\u00f6lbl\u00ae ist die spannungsvolle Ver\u00adbindung von zeitgen\u00f6ssischer Kunst und Parf\u00fcmerie. Diese Marke, im Jahr 2023 ins Leben ge\u00adrufen, zeichnet sich durch ihre limitierten Duftkompositionen aus, die ihre Inspiration vornehmlich aus der Konsumkultur sch\u00f6p\u00adfen. Durch die olfaktorische Interpretation industriell gefertigter Produkte entsteht eine einzigartige Markenidentit\u00e4t, welche einen olfaktorischen Diskursraum in unserer Ge\u00adsellschaft schafft. Die D\u00fcfte von Christian K\u00f6lbl\u00ae sind nicht nur Parfums, sondern werden als wahre Kunst\u00adwerke konzipiert. Sie finden nicht nur ihren Platz in Parf\u00fcmerien, sondern werden auch in Ausstellungen inszeniert. Auf diese Wei\u00adse werden die Tr\u00e4ger*innen selbst zu integ\u00adralen Bestandteilen dieser Kunstwerke&#8230;<\/p>\n","protected":false},"author":1,"featured_media":0,"parent":0,"menu_order":0,"comment_status":"closed","ping_status":"closed","template":"","meta":{"footnotes":""},"class_list":["post-740","page","type-page","status-publish","hentry"],"jetpack_sharing_enabled":true,"_links":{"self":[{"href":"https:\/\/christian-koelbl.de\/index.php?rest_route=\/wp\/v2\/pages\/740","targetHints":{"allow":["GET"]}}],"collection":[{"href":"https:\/\/christian-koelbl.de\/index.php?rest_route=\/wp\/v2\/pages"}],"about":[{"href":"https:\/\/christian-koelbl.de\/index.php?rest_route=\/wp\/v2\/types\/page"}],"author":[{"embeddable":true,"href":"https:\/\/christian-koelbl.de\/index.php?rest_route=\/wp\/v2\/users\/1"}],"replies":[{"embeddable":true,"href":"https:\/\/christian-koelbl.de\/index.php?rest_route=%2Fwp%2Fv2%2Fcomments&post=740"}],"version-history":[{"count":62,"href":"https:\/\/christian-koelbl.de\/index.php?rest_route=\/wp\/v2\/pages\/740\/revisions"}],"predecessor-version":[{"id":2991,"href":"https:\/\/christian-koelbl.de\/index.php?rest_route=\/wp\/v2\/pages\/740\/revisions\/2991"}],"wp:attachment":[{"href":"https:\/\/christian-koelbl.de\/index.php?rest_route=%2Fwp%2Fv2%2Fmedia&parent=740"}],"curies":[{"name":"wp","href":"https:\/\/api.w.org\/{rel}","templated":true}]}}